{"id":149,"date":"2024-02-07T15:04:32","date_gmt":"2024-02-07T18:04:32","guid":{"rendered":"https:\/\/portalincluir.com.br\/?page_id=149"},"modified":"2024-02-24T23:37:52","modified_gmt":"2024-02-25T02:37:52","slug":"contato","status":"publish","type":"page","link":"https:\/\/portalincluir.com.br\/index.php\/contato\/","title":{"rendered":"Contato"},"content":{"rendered":"\n<p>Escolha como quer falar conosco.<\/p>\n\n\n\n<p>E-mail:  <a href=\"mailto:portal@portalincluir.com.br\" target=\"_blank\" rel=\"noreferrer noopener\">portal@portalincluir.com.br<\/a> <\/p>\n\n\n\n<p>Whatsapp: <a href=\"https:\/\/wa.link\/shdbvf\">Clique aqui<\/a><\/p>\n\n\n\n<p>Ou preencha o formul\u00e1rio:<\/p>\n\n\n<div class=\"wpforms-container wpforms-container-full wpforms-block wpforms-block-990915f9-d3f2-42d4-8ca0-2bfe85b4db22 wpforms-render-modern\" id=\"wpforms-154\"><form id=\"wpforms-form-154\" class=\"wpforms-validate wpforms-form wpforms-ajax-form\" data-formid=\"154\" method=\"post\" enctype=\"multipart\/form-data\" action=\"\/index.php\/wp-json\/wp\/v2\/pages\/149\" data-token=\"8541b4a7b687e498ad792a4217204fa5\" data-token-time=\"1777464373\"><noscript class=\"wpforms-error-noscript\">Ative o JavaScript no seu navegador para preencher este formul\u00e1rio.<\/noscript><div id=\"wpforms-error-noscript\" style=\"display: none;\">Ative o JavaScript no seu navegador para preencher este formul\u00e1rio.<\/div><div class=\"wpforms-field-container\"><div id=\"wpforms-154-field_0-container\" class=\"wpforms-field wpforms-field-name\" data-field-id=\"0\"><fieldset><legend class=\"wpforms-field-label\">Nome <span class=\"wpforms-required-label\" aria-hidden=\"true\">*<\/span><\/legend><div class=\"wpforms-field-row wpforms-field-medium\"><div class=\"wpforms-field-row-block wpforms-first wpforms-one-half\"><input type=\"text\" id=\"wpforms-154-field_0\" class=\"wpforms-field-name-first wpforms-field-required\" name=\"wpforms[fields][0][first]\" aria-errormessage=\"wpforms-154-field_0-error\" required><label for=\"wpforms-154-field_0\" class=\"wpforms-field-sublabel after\">Nome<\/label><\/div><div class=\"wpforms-field-row-block wpforms-one-half\"><input type=\"text\" id=\"wpforms-154-field_0-last\" class=\"wpforms-field-name-last wpforms-field-required\" name=\"wpforms[fields][0][last]\" aria-errormessage=\"wpforms-154-field_0-last-error\" required><label for=\"wpforms-154-field_0-last\" class=\"wpforms-field-sublabel after\">Sobrenome<\/label><\/div><\/div><\/fieldset><\/div><div id=\"wpforms-154-field_1-container\" class=\"wpforms-field wpforms-field-email\" data-field-id=\"1\"><label class=\"wpforms-field-label\" for=\"wpforms-154-field_1\">E-mail <span class=\"wpforms-required-label\" aria-hidden=\"true\">*<\/span><\/label><input type=\"email\" id=\"wpforms-154-field_1\" class=\"wpforms-field-medium wpforms-field-required\" name=\"wpforms[fields][1]\" spellcheck=\"false\" aria-errormessage=\"wpforms-154-field_1-error\" required><\/div><div id=\"wpforms-154-field_2-container\" class=\"wpforms-field wpforms-field-textarea\" data-field-id=\"2\"><label class=\"wpforms-field-label\" for=\"wpforms-154-field_2\">Coment\u00e1rio ou Mensagem<\/label><textarea id=\"wpforms-154-field_2\" class=\"wpforms-field-medium\" name=\"wpforms[fields][2]\" aria-errormessage=\"wpforms-154-field_2-error\" ><\/textarea><\/div><\/div><!-- .wpforms-field-container --><div class=\"wpforms-submit-container\" ><input type=\"hidden\" name=\"wpforms[id]\" value=\"154\"><input type=\"hidden\" name=\"page_title\" value=\"\"><input type=\"hidden\" name=\"page_url\" value=\"https:\/\/portalincluir.com.br\/index.php\/wp-json\/wp\/v2\/pages\/149\"><input type=\"hidden\" name=\"url_referer\" value=\"\"><button type=\"submit\" name=\"wpforms[submit]\" id=\"wpforms-submit-154\" class=\"wpforms-submit\" data-alt-text=\"Enviando\u2026\" data-submit-text=\"Enviar\" aria-live=\"assertive\" value=\"wpforms-submit\">Enviar<\/button><img loading=\"lazy\" decoding=\"async\" src=\"https:\/\/portalincluir.com.br\/wp-content\/plugins\/wpforms-lite\/assets\/images\/submit-spin.svg\" class=\"wpforms-submit-spinner\" style=\"display: none;\" width=\"26\" height=\"26\" alt=\"Carregando\"><\/div><\/form><\/div>  <!-- .wpforms-container -->\n\n\n<ul class=\"wp-block-list\">\n<li><em>Quando voc\u00ea envia informa\u00e7\u00f5es para este site via formul\u00e1rio na web, coletamos os dados solicitados nesse formul\u00e1rio apenas para responder (se necess\u00e1rio) aos seus envios. Nunca repassamos essas informa\u00e7\u00f5es para outros, a n\u00e3o ser por solicita\u00e7\u00e3o do nosso leitor. N\u00e3o criaremos um banco de dados para envio de e-mail ou comercializa\u00e7\u00e3o de algum produto.<\/em><\/li>\n<\/ul>\n","protected":false},"excerpt":{"rendered":"<p>Escolha como quer falar conosco. E-mail: portal@portalincluir.com.br Whatsapp: Clique aqui Ou preencha o formul\u00e1rio:<\/p>\n","protected":false},"author":1,"featured_media":0,"parent":0,"menu_order":0,"comment_status":"closed","ping_status":"closed","template":"","meta":{"om_disable_all_campaigns":false,"_monsterinsights_skip_tracking":false,"_monsterinsights_sitenote_active":false,"_monsterinsights_sitenote_note":"","_monsterinsights_sitenote_category":0,"_uf_show_specific_survey":0,"_uf_disable_surveys":false,"footnotes":""},"class_list":["post-149","page","type-page","status-publish","hentry"],"yoast_head":"<!-- This site is optimized with the Yoast SEO plugin v27.4 - https:\/\/yoast.com\/product\/yoast-seo-wordpress\/ -->\n<title>Contato - PORTAL INCLUIR<\/title>\n<meta name=\"robots\" content=\"index, follow, max-snippet:-1, max-image-preview:large, max-video-preview:-1\" \/>\n<link rel=\"canonical\" href=\"https:\/\/portalincluir.com.br\/index.php\/contato\/\" \/>\n<meta property=\"og:locale\" content=\"pt_BR\" \/>\n<meta property=\"og:type\" content=\"article\" \/>\n<meta property=\"og:title\" content=\"Contato - PORTAL INCLUIR\" \/>\n<meta property=\"og:description\" content=\"Escolha como quer falar conosco. E-mail: portal@portalincluir.com.br Whatsapp: Clique aqui Ou preencha o formul\u00e1rio:\" \/>\n<meta property=\"og:url\" content=\"https:\/\/portalincluir.com.br\/index.php\/contato\/\" \/>\n<meta property=\"og:site_name\" content=\"PORTAL INCLUIR\" \/>\n<meta property=\"article:modified_time\" content=\"2024-02-25T02:37:52+00:00\" \/>\n<meta name=\"twitter:card\" content=\"summary_large_image\" \/>\n<script type=\"application\/ld+json\" class=\"yoast-schema-graph\">{\"@context\":\"https:\\\/\\\/schema.org\",\"@graph\":[{\"@type\":\"WebPage\",\"@id\":\"https:\\\/\\\/portalincluir.com.br\\\/index.php\\\/contato\\\/\",\"url\":\"https:\\\/\\\/portalincluir.com.br\\\/index.php\\\/contato\\\/\",\"name\":\"Contato - PORTAL INCLUIR\",\"isPartOf\":{\"@id\":\"https:\\\/\\\/portalincluir.com.br\\\/#website\"},\"datePublished\":\"2024-02-07T18:04:32+00:00\",\"dateModified\":\"2024-02-25T02:37:52+00:00\",\"breadcrumb\":{\"@id\":\"https:\\\/\\\/portalincluir.com.br\\\/index.php\\\/contato\\\/#breadcrumb\"},\"inLanguage\":\"pt-BR\",\"potentialAction\":[{\"@type\":\"ReadAction\",\"target\":[\"https:\\\/\\\/portalincluir.com.br\\\/index.php\\\/contato\\\/\"]}]},{\"@type\":\"BreadcrumbList\",\"@id\":\"https:\\\/\\\/portalincluir.com.br\\\/index.php\\\/contato\\\/#breadcrumb\",\"itemListElement\":[{\"@type\":\"ListItem\",\"position\":1,\"name\":\"In\u00edcio\",\"item\":\"https:\\\/\\\/portalincluir.com.br\\\/\"},{\"@type\":\"ListItem\",\"position\":2,\"name\":\"Contato\"}]},{\"@type\":\"WebSite\",\"@id\":\"https:\\\/\\\/portalincluir.com.br\\\/#website\",\"url\":\"https:\\\/\\\/portalincluir.com.br\\\/\",\"name\":\"PORTAL INCLUIR\",\"description\":\"\",\"potentialAction\":[{\"@type\":\"SearchAction\",\"target\":{\"@type\":\"EntryPoint\",\"urlTemplate\":\"https:\\\/\\\/portalincluir.com.br\\\/?s={search_term_string}\"},\"query-input\":{\"@type\":\"PropertyValueSpecification\",\"valueRequired\":true,\"valueName\":\"search_term_string\"}}],\"inLanguage\":\"pt-BR\"}]}<\/script>\n<!-- \/ Yoast SEO plugin. -->","yoast_head_json":{"title":"Contato - PORTAL INCLUIR","robots":{"index":"index","follow":"follow","max-snippet":"max-snippet:-1","max-image-preview":"max-image-preview:large","max-video-preview":"max-video-preview:-1"},"canonical":"https:\/\/portalincluir.com.br\/index.php\/contato\/","og_locale":"pt_BR","og_type":"article","og_title":"Contato - PORTAL INCLUIR","og_description":"Escolha como quer falar conosco. E-mail: portal@portalincluir.com.br Whatsapp: Clique aqui Ou preencha o formul\u00e1rio:","og_url":"https:\/\/portalincluir.com.br\/index.php\/contato\/","og_site_name":"PORTAL INCLUIR","article_modified_time":"2024-02-25T02:37:52+00:00","twitter_card":"summary_large_image","schema":{"@context":"https:\/\/schema.org","@graph":[{"@type":"WebPage","@id":"https:\/\/portalincluir.com.br\/index.php\/contato\/","url":"https:\/\/portalincluir.com.br\/index.php\/contato\/","name":"Contato - PORTAL INCLUIR","isPartOf":{"@id":"https:\/\/portalincluir.com.br\/#website"},"datePublished":"2024-02-07T18:04:32+00:00","dateModified":"2024-02-25T02:37:52+00:00","breadcrumb":{"@id":"https:\/\/portalincluir.com.br\/index.php\/contato\/#breadcrumb"},"inLanguage":"pt-BR","potentialAction":[{"@type":"ReadAction","target":["https:\/\/portalincluir.com.br\/index.php\/contato\/"]}]},{"@type":"BreadcrumbList","@id":"https:\/\/portalincluir.com.br\/index.php\/contato\/#breadcrumb","itemListElement":[{"@type":"ListItem","position":1,"name":"In\u00edcio","item":"https:\/\/portalincluir.com.br\/"},{"@type":"ListItem","position":2,"name":"Contato"}]},{"@type":"WebSite","@id":"https:\/\/portalincluir.com.br\/#website","url":"https:\/\/portalincluir.com.br\/","name":"PORTAL INCLUIR","description":"","potentialAction":[{"@type":"SearchAction","target":{"@type":"EntryPoint","urlTemplate":"https:\/\/portalincluir.com.br\/?s={search_term_string}"},"query-input":{"@type":"PropertyValueSpecification","valueRequired":true,"valueName":"search_term_string"}}],"inLanguage":"pt-BR"}]}},"_links":{"self":[{"href":"https:\/\/portalincluir.com.br\/index.php\/wp-json\/wp\/v2\/pages\/149","targetHints":{"allow":["GET"]}}],"collection":[{"href":"https:\/\/portalincluir.com.br\/index.php\/wp-json\/wp\/v2\/pages"}],"about":[{"href":"https:\/\/portalincluir.com.br\/index.php\/wp-json\/wp\/v2\/types\/page"}],"author":[{"embeddable":true,"href":"https:\/\/portalincluir.com.br\/index.php\/wp-json\/wp\/v2\/users\/1"}],"replies":[{"embeddable":true,"href":"https:\/\/portalincluir.com.br\/index.php\/wp-json\/wp\/v2\/comments?post=149"}],"version-history":[{"count":4,"href":"https:\/\/portalincluir.com.br\/index.php\/wp-json\/wp\/v2\/pages\/149\/revisions"}],"predecessor-version":[{"id":188,"href":"https:\/\/portalincluir.com.br\/index.php\/wp-json\/wp\/v2\/pages\/149\/revisions\/188"}],"wp:attachment":[{"href":"https:\/\/portalincluir.com.br\/index.php\/wp-json\/wp\/v2\/media?parent=149"}],"curies":[{"name":"wp","href":"https:\/\/api.w.org\/{rel}","templated":true}]}}